{"id":11310,"date":"2019-09-17T14:43:59","date_gmt":"2019-09-17T12:43:59","guid":{"rendered":"http:\/\/madsen.joergjoedecke.de\/?page_id=11310"},"modified":"2019-09-17T14:43:59","modified_gmt":"2019-09-17T12:43:59","slug":"stb-bracket-ormco","status":"publish","type":"page","link":"https:\/\/www.madsen.de\/en\/lingualtechnik\/stb-bracket-ormco\/","title":{"rendered":"STb Bracket (Ormco)"},"content":{"rendered":"<p><main class=\"template-page content  av-content-small units\" role=\"main\"><\/p>\n<div class=\"post-entry post-entry-type-page post-entry-3619\">\n<div class=\"entry-content-wrapper clearfix\">\n<div class=\"flex_column av_one_full  flex_column_div av-zero-column-padding first  avia-builder-el-0  avia-builder-el-no-sibling  \">\n<section class=\"av_textblock_section \">\n<div class=\"avia_textblock  \">\n<h1>STb Bracket (Ormco)<\/h1>\n<\/div>\n<\/section>\n<section class=\"av_textblock_section \">\n<div class=\"avia_textblock  \">\n<p>Das STb Bracket wurde von G. Scuzzo and K. Takemoto entwickelt (Hersteller Ormco). Diese Brackets sind nur um die 2mm dick und verbessern den Tragekomfort im Vergleich zu vielen \u00e4lteren Lingualbrackets deutlich. Missempfindungen und Sprachbehinderung sollten z.B. im Vergleich zu den Ormco 7. Generation-Brackets verbessert sein. Dazu kommt, dass sowohl Scuzzo als auch Takemoto gute Kliniker sind \u2013 also geschickte Behandler \u2013 und beide weltweit Kurse \u00fcber Lingualtechnik geben, auf denen sie ihre F\u00e4lle pr\u00e4sentieren.<\/p>\n<p>Mit dem STb-Bracket kann man also wirklich behandeln und auch gute Ergebnisse bei Behandlungen aller Schwierigkeiten erzielen. STb ist vermutlich eines der lingualen Brackets, die weltweit am meisten verbreitet sind.<\/p>\n<\/div>\n<\/section>\n<\/div>\n<\/div>\n<\/div>\n<p><\/main><\/p>\n","protected":false},"excerpt":{"rendered":"<p>STb Bracket (Ormco) Das STb Bracket wurde von G. Scuzzo and K. Takemoto entwickelt (Hersteller Ormco). Diese Brackets sind nur um die 2mm dick und verbessern den Tragekomfort im Vergleich zu vielen \u00e4lteren Lingualbrackets deutlich. Missempfindungen und Sprachbehinderung sollten z.B. im Vergleich zu den Ormco 7. Generation-Brackets verbessert sein. Dazu kommt, dass sowohl Scuzzo als [&hellip;]<\/p>\n","protected":false},"author":1,"featured_media":9949,"parent":11113,"menu_order":3,"comment_status":"closed","ping_status":"closed","template":"","meta":{"_acf_changed":false,"footnotes":""},"class_list":["post-11310","page","type-page","status-publish","has-post-thumbnail","hentry"],"acf":[],"_links":{"self":[{"href":"https:\/\/www.madsen.de\/en\/wp-json\/wp\/v2\/pages\/11310","targetHints":{"allow":["GET"]}}],"collection":[{"href":"https:\/\/www.madsen.de\/en\/wp-json\/wp\/v2\/pages"}],"about":[{"href":"https:\/\/www.madsen.de\/en\/wp-json\/wp\/v2\/types\/page"}],"author":[{"embeddable":true,"href":"https:\/\/www.madsen.de\/en\/wp-json\/wp\/v2\/users\/1"}],"replies":[{"embeddable":true,"href":"https:\/\/www.madsen.de\/en\/wp-json\/wp\/v2\/comments?post=11310"}],"version-history":[{"count":1,"href":"https:\/\/www.madsen.de\/en\/wp-json\/wp\/v2\/pages\/11310\/revisions"}],"predecessor-version":[{"id":11311,"href":"https:\/\/www.madsen.de\/en\/wp-json\/wp\/v2\/pages\/11310\/revisions\/11311"}],"up":[{"embeddable":true,"href":"https:\/\/www.madsen.de\/en\/wp-json\/wp\/v2\/pages\/11113"}],"wp:featuredmedia":[{"embeddable":true,"href":"https:\/\/www.madsen.de\/en\/wp-json\/wp\/v2\/media\/9949"}],"wp:attachment":[{"href":"https:\/\/www.madsen.de\/en\/wp-json\/wp\/v2\/media?parent=11310"}],"curies":[{"name":"wp","href":"https:\/\/api.w.org\/{rel}","templated":true}]}}