{"id":4385,"date":"2015-10-28T17:29:54","date_gmt":"2015-10-28T16:29:54","guid":{"rendered":"http:\/\/redesign.madsen.de\/en\/treatment\/zahnspange-fuer-kinder-und-jugendliche\/"},"modified":"2023-07-17T08:20:47","modified_gmt":"2023-07-17T06:20:47","slug":"children-and-adolescents","status":"publish","type":"page","link":"https:\/\/www.madsen.de\/en\/treatment\/children-and-adolescents\/","title":{"rendered":"Children and adolescents"},"content":{"rendered":"\t\t<div data-elementor-type=\"wp-post\" data-elementor-id=\"4385\" class=\"elementor elementor-4385 elementor-3702\" data-elementor-post-type=\"page\">\n\t\t\t\t\t\t<section class=\"elementor-section elementor-top-section elementor-element elementor-element-13faa016 elementor-section-boxed elementor-section-height-default elementor-section-height-default\" data-id=\"13faa016\" data-element_type=\"section\" data-e-type=\"section\">\n\t\t\t\t\t\t<div class=\"elementor-container elementor-column-gap-default\">\n\t\t\t\t\t<div class=\"elementor-column elementor-col-100 elementor-top-column elementor-element elementor-element-47efcc6c\" data-id=\"47efcc6c\" data-element_type=\"column\" data-e-type=\"column\">\n\t\t\t<div class=\"elementor-widget-wrap elementor-element-populated\">\n\t\t\t\t\t\t<div class=\"elementor-element elementor-element-297b1453 elementor-widget elementor-widget-text-editor\" data-id=\"297b1453\" data-element_type=\"widget\" data-e-type=\"widget\" data-widget_type=\"text-editor.default\">\n\t\t\t\t<div class=\"elementor-widget-container\">\n\t\t\t\t\t\t\t\t\t<h1>Removable or Fixed Appliances?\u200b<\/h1>\t\t\t\t\t\t\t\t<\/div>\n\t\t\t\t<\/div>\n\t\t\t\t\t<\/div>\n\t\t<\/div>\n\t\t\t\t\t<\/div>\n\t\t<\/section>\n\t\t\t\t<section class=\"elementor-section elementor-top-section elementor-element elementor-element-565efb51 elementor-section-boxed elementor-section-height-default elementor-section-height-default\" data-id=\"565efb51\" data-element_type=\"section\" data-e-type=\"section\">\n\t\t\t\t\t\t<div class=\"elementor-container elementor-column-gap-default\">\n\t\t\t\t\t<div class=\"elementor-column elementor-col-50 elementor-top-column elementor-element elementor-element-41874829\" data-id=\"41874829\" data-element_type=\"column\" data-e-type=\"column\">\n\t\t\t<div class=\"elementor-widget-wrap elementor-element-populated\">\n\t\t\t\t\t\t<div class=\"elementor-element elementor-element-4c09e7d5 elementor-widget elementor-widget-text-editor\" data-id=\"4c09e7d5\" data-element_type=\"widget\" data-e-type=\"widget\" data-widget_type=\"text-editor.default\">\n\t\t\t\t<div class=\"elementor-widget-container\">\n\t\t\t\t\t\t\t\t\t<p>Since children, unlike adults, do not enter our office on their own accord but of their dentist\u2019s or parents\u2019, we have to respect their deviant motivation and adjust the treatment planning to the needs of these patients. Our orthodontists are convinced of treating adolescents in a maximum of two years, because then their motivation usually decreases greatly, and their cooperation should not be overused.<\/p>\t\t\t\t\t\t\t\t<\/div>\n\t\t\t\t<\/div>\n\t\t\t\t\t<\/div>\n\t\t<\/div>\n\t\t\t\t<div class=\"elementor-column elementor-col-50 elementor-top-column elementor-element elementor-element-28ba29c3\" data-id=\"28ba29c3\" data-element_type=\"column\" data-e-type=\"column\">\n\t\t\t<div class=\"elementor-widget-wrap elementor-element-populated\">\n\t\t\t\t\t\t<div class=\"elementor-element elementor-element-1418d984 elementor-widget elementor-widget-image\" data-id=\"1418d984\" data-element_type=\"widget\" data-e-type=\"widget\" data-widget_type=\"image.default\">\n\t\t\t\t<div class=\"elementor-widget-container\">\n\t\t\t\t\t\t\t\t\t\t\t\t<figure class=\"wp-caption\">\n\t\t\t\t\t\t\t\t\t\t<img fetchpriority=\"high\" decoding=\"async\" width=\"800\" height=\"600\" src=\"https:\/\/www.madsen.de\/wp-content\/uploads\/2018\/10\/herausnehmbare-zahnspange.jpg\" class=\"attachment-large size-large wp-image-8011\" alt=\"Alles so sch\u00f6n bunt hier: herausnehmbare Zahnspangen sehen lustig aus, bringen aber meistens wenig\" srcset=\"https:\/\/www.madsen.de\/wp-content\/uploads\/2018\/10\/herausnehmbare-zahnspange.jpg 1000w, https:\/\/www.madsen.de\/wp-content\/uploads\/2018\/10\/herausnehmbare-zahnspange-300x225.jpg 300w, https:\/\/www.madsen.de\/wp-content\/uploads\/2018\/10\/herausnehmbare-zahnspange-768x576.jpg 768w, https:\/\/www.madsen.de\/wp-content\/uploads\/2018\/10\/herausnehmbare-zahnspange-705x529.jpg 705w, https:\/\/www.madsen.de\/wp-content\/uploads\/2018\/10\/herausnehmbare-zahnspange-450x338.jpg 450w\" sizes=\"(max-width: 800px) 100vw, 800px\" \/>\t\t\t\t\t\t\t\t\t\t\t<figcaption class=\"widget-image-caption wp-caption-text\">Everything is so colorful here: removable appliances look funny, but are usually not effective.<\/figcaption>\n\t\t\t\t\t\t\t\t\t\t<\/figure>\n\t\t\t\t\t\t\t\t\t<\/div>\n\t\t\t\t<\/div>\n\t\t\t\t\t<\/div>\n\t\t<\/div>\n\t\t\t\t\t<\/div>\n\t\t<\/section>\n\t\t\t\t<section class=\"elementor-section elementor-top-section elementor-element elementor-element-3bb669b2 elementor-section-boxed elementor-section-height-default elementor-section-height-default\" data-id=\"3bb669b2\" data-element_type=\"section\" data-e-type=\"section\">\n\t\t\t\t\t\t<div class=\"elementor-container elementor-column-gap-default\">\n\t\t\t\t\t<div class=\"elementor-column elementor-col-50 elementor-top-column elementor-element elementor-element-7cebd7c4\" data-id=\"7cebd7c4\" data-element_type=\"column\" data-e-type=\"column\">\n\t\t\t<div class=\"elementor-widget-wrap elementor-element-populated\">\n\t\t\t\t\t\t<div class=\"elementor-element elementor-element-10613d23 elementor-widget elementor-widget-image\" data-id=\"10613d23\" data-element_type=\"widget\" data-e-type=\"widget\" data-widget_type=\"image.default\">\n\t\t\t\t<div class=\"elementor-widget-container\">\n\t\t\t\t\t\t\t\t\t\t\t\t<figure class=\"wp-caption\">\n\t\t\t\t\t\t\t\t\t\t<img decoding=\"async\" width=\"800\" height=\"600\" src=\"https:\/\/www.madsen.de\/wp-content\/uploads\/2018\/10\/moderne-zahnspange.jpg\" class=\"attachment-large size-large wp-image-8013\" alt=\"Der Goldstandard: moderne festsitzende Zahnspange\" srcset=\"https:\/\/www.madsen.de\/wp-content\/uploads\/2018\/10\/moderne-zahnspange.jpg 1000w, https:\/\/www.madsen.de\/wp-content\/uploads\/2018\/10\/moderne-zahnspange-300x225.jpg 300w, https:\/\/www.madsen.de\/wp-content\/uploads\/2018\/10\/moderne-zahnspange-768x576.jpg 768w, https:\/\/www.madsen.de\/wp-content\/uploads\/2018\/10\/moderne-zahnspange-705x529.jpg 705w, https:\/\/www.madsen.de\/wp-content\/uploads\/2018\/10\/moderne-zahnspange-450x338.jpg 450w\" sizes=\"(max-width: 800px) 100vw, 800px\" \/>\t\t\t\t\t\t\t\t\t\t\t<figcaption class=\"widget-image-caption wp-caption-text\">The gold standard: modern fixed appliance<\/figcaption>\n\t\t\t\t\t\t\t\t\t\t<\/figure>\n\t\t\t\t\t\t\t\t\t<\/div>\n\t\t\t\t<\/div>\n\t\t\t\t\t<\/div>\n\t\t<\/div>\n\t\t\t\t<div class=\"elementor-column elementor-col-50 elementor-top-column elementor-element elementor-element-4dbc88f9\" data-id=\"4dbc88f9\" data-element_type=\"column\" data-e-type=\"column\">\n\t\t\t<div class=\"elementor-widget-wrap elementor-element-populated\">\n\t\t\t\t\t\t<div class=\"elementor-element elementor-element-51f88c6c elementor-widget elementor-widget-text-editor\" data-id=\"51f88c6c\" data-element_type=\"widget\" data-e-type=\"widget\" data-widget_type=\"text-editor.default\">\n\t\t\t\t<div class=\"elementor-widget-container\">\n\t\t\t\t\t\t\t\t\t<p>Thus, it is inappropriate to treat young adults with removable orthodontic appliances as these strongly affect speaking and therefore cannot be worn sufficiently. With removable appliances, overly long treatments and bad results are normal and more than a third of these treatments are discontinued without any success. Moreover, it is stressful for the parents as they constantly have to supervise and remind their children to wear their appliances. Though, most removables are completely unnecessary since the children get fixed braces in a second treatment phase. As a matter of fact, most treatments can be performed with fixed braces alone without a long pretreatment with removable appliances. The explanation for the nonsense of prolonged treatment with removables as common in Germany is on one hand the poor training of the orthodontists, on the other hand the regulation of fees which makes treatment with removables more profitable.<\/p>\t\t\t\t\t\t\t\t<\/div>\n\t\t\t\t<\/div>\n\t\t\t\t\t<\/div>\n\t\t<\/div>\n\t\t\t\t\t<\/div>\n\t\t<\/section>\n\t\t\t\t<section class=\"elementor-section elementor-top-section elementor-element elementor-element-652fe265 elementor-section-boxed elementor-section-height-default elementor-section-height-default\" data-id=\"652fe265\" data-element_type=\"section\" data-e-type=\"section\">\n\t\t\t\t\t\t<div class=\"elementor-container elementor-column-gap-default\">\n\t\t\t\t\t<div class=\"elementor-column elementor-col-100 elementor-top-column elementor-element elementor-element-1275b604\" data-id=\"1275b604\" data-element_type=\"column\" data-e-type=\"column\">\n\t\t\t<div class=\"elementor-widget-wrap elementor-element-populated\">\n\t\t\t\t\t\t<div class=\"elementor-element elementor-element-6016e835 elementor-widget elementor-widget-text-editor\" data-id=\"6016e835\" data-element_type=\"widget\" data-e-type=\"widget\" data-widget_type=\"text-editor.default\">\n\t\t\t\t<div class=\"elementor-widget-container\">\n\t\t\t\t\t\t\t\t\t<p>In contrast to that, it is consequent to work almost exclusively with fixed braces which request only good dental hygiene and result in short treatment times. When an orthodontic treatment in Germany takes an average of three years, we content ourselves with 18 months, i.e. half the time in our practice in Mannheim. The keys to that are clever timing of treatment, mostly starting when all permanent teeth are present, leaving out needless steps, and a consequent use of state-of-the-art fixed appliances. Even if this method is best for all participants, it is still the exception rather than the rule in Germany. From an international point of view, our office concept is located at the exact center of the orthodontic mainstream and this concept is scientifically sound.<\/p>\t\t\t\t\t\t\t\t<\/div>\n\t\t\t\t<\/div>\n\t\t\t\t\t<\/div>\n\t\t<\/div>\n\t\t\t\t\t<\/div>\n\t\t<\/section>\n\t\t\t\t<section class=\"elementor-section elementor-top-section elementor-element elementor-element-131213f2 elementor-section-boxed elementor-section-height-default elementor-section-height-default\" data-id=\"131213f2\" data-element_type=\"section\" data-e-type=\"section\">\n\t\t\t\t\t\t<div class=\"elementor-container elementor-column-gap-default\">\n\t\t\t\t\t<div class=\"elementor-column elementor-col-50 elementor-top-column elementor-element elementor-element-11456926\" data-id=\"11456926\" data-element_type=\"column\" data-e-type=\"column\">\n\t\t\t<div class=\"elementor-widget-wrap elementor-element-populated\">\n\t\t\t\t\t\t<div class=\"elementor-element elementor-element-77a05b76 elementor-widget elementor-widget-image\" data-id=\"77a05b76\" data-element_type=\"widget\" data-e-type=\"widget\" data-widget_type=\"image.default\">\n\t\t\t\t<div class=\"elementor-widget-container\">\n\t\t\t\t\t\t\t\t\t\t\t\t<figure class=\"wp-caption\">\n\t\t\t\t\t\t\t\t\t\t<img decoding=\"async\" width=\"348\" height=\"94\" src=\"https:\/\/www.madsen.de\/wp-content\/uploads\/2015\/10\/kinder_jugendliche1.jpg\" class=\"attachment-large size-large wp-image-9986\" alt=\"Unsere junge Patientin vorher\u2026\" srcset=\"https:\/\/www.madsen.de\/wp-content\/uploads\/2015\/10\/kinder_jugendliche1.jpg 348w, https:\/\/www.madsen.de\/wp-content\/uploads\/2015\/10\/kinder_jugendliche1-300x81.jpg 300w\" sizes=\"(max-width: 348px) 100vw, 348px\" \/>\t\t\t\t\t\t\t\t\t\t\t<figcaption class=\"widget-image-caption wp-caption-text\">Our young patient before <\/figcaption>\n\t\t\t\t\t\t\t\t\t\t<\/figure>\n\t\t\t\t\t\t\t\t\t<\/div>\n\t\t\t\t<\/div>\n\t\t\t\t\t<\/div>\n\t\t<\/div>\n\t\t\t\t<div class=\"elementor-column elementor-col-50 elementor-top-column elementor-element elementor-element-586efe7f\" data-id=\"586efe7f\" data-element_type=\"column\" data-e-type=\"column\">\n\t\t\t<div class=\"elementor-widget-wrap elementor-element-populated\">\n\t\t\t\t\t\t<div class=\"elementor-element elementor-element-60cff743 elementor-widget elementor-widget-image\" data-id=\"60cff743\" data-element_type=\"widget\" data-e-type=\"widget\" data-widget_type=\"image.default\">\n\t\t\t\t<div class=\"elementor-widget-container\">\n\t\t\t\t\t\t\t\t\t\t\t\t<figure class=\"wp-caption\">\n\t\t\t\t\t\t\t\t\t\t<img loading=\"lazy\" decoding=\"async\" width=\"348\" height=\"94\" src=\"https:\/\/www.madsen.de\/wp-content\/uploads\/2015\/10\/kinder_jugendliche2.jpg\" class=\"attachment-large size-large wp-image-9985\" alt=\"\u2026und nacher (16 Monate Behandlungszeit)\" srcset=\"https:\/\/www.madsen.de\/wp-content\/uploads\/2015\/10\/kinder_jugendliche2.jpg 348w, https:\/\/www.madsen.de\/wp-content\/uploads\/2015\/10\/kinder_jugendliche2-300x81.jpg 300w\" sizes=\"(max-width: 348px) 100vw, 348px\" \/>\t\t\t\t\t\t\t\t\t\t\t<figcaption class=\"widget-image-caption wp-caption-text\">\u2026 and after 16 months<\/figcaption>\n\t\t\t\t\t\t\t\t\t\t<\/figure>\n\t\t\t\t\t\t\t\t\t<\/div>\n\t\t\t\t<\/div>\n\t\t\t\t\t<\/div>\n\t\t<\/div>\n\t\t\t\t\t<\/div>\n\t\t<\/section>\n\t\t\t\t<section class=\"elementor-section elementor-top-section elementor-element elementor-element-4536044c elementor-section-boxed elementor-section-height-default elementor-section-height-default\" data-id=\"4536044c\" data-element_type=\"section\" data-e-type=\"section\">\n\t\t\t\t\t\t<div class=\"elementor-container elementor-column-gap-default\">\n\t\t\t\t\t<div class=\"elementor-column elementor-col-100 elementor-top-column elementor-element elementor-element-67c3b995\" data-id=\"67c3b995\" data-element_type=\"column\" data-e-type=\"column\">\n\t\t\t<div class=\"elementor-widget-wrap elementor-element-populated\">\n\t\t\t\t\t\t<div class=\"elementor-element elementor-element-3f5a2cfe elementor-widget elementor-widget-text-editor\" data-id=\"3f5a2cfe\" data-element_type=\"widget\" data-e-type=\"widget\" data-widget_type=\"text-editor.default\">\n\t\t\t\t<div class=\"elementor-widget-container\">\n\t\t\t\t\t\t\t\t\t<h2>Non-Compliance Treatments<\/h2><p>We prefer so called non-compliance-treatments. All of the non-compliance-appliances have in common that they are fixed and develop their reliable effect without the patient\u2019s cooperation.<br \/>In principle, they do not affect speaking or eating very much. For this reason, they are even more suitable for children than the removable appliances which demand for constant discipline and cooperation of the little patients. The most astonishing example of efficiency is probably the inconspicuous and cost-effective lower lingual arch which is almost invisible and hardly noticeable: its appliance right on time would spare children from millions of years of orthodontic treatment. Two thirds of children with lower incisor crowding could be treated successfully and without cooperation. As already explained above, primarily this does not happen for economic reasons.<br \/>The non-compliance-treatment means relief for the little patients, the health insurances, and last but not least for the parents who do not constantly have to check if appliances are worn by their children. The great popularity of the removable appliances in Germany, however, is only owed to our billing system, which particularly rewards long, less intensive treatments. Acting quality-conscious, our orthodontists focus on using fixed appliances and make use of non-compliance devices if necessary.<\/p>\t\t\t\t\t\t\t\t<\/div>\n\t\t\t\t<\/div>\n\t\t\t\t\t<\/div>\n\t\t<\/div>\n\t\t\t\t\t<\/div>\n\t\t<\/section>\n\t\t\t\t<section class=\"elementor-section elementor-top-section elementor-element elementor-element-1916c84 elementor-section-boxed elementor-section-height-default elementor-section-height-default\" data-id=\"1916c84\" data-element_type=\"section\" data-e-type=\"section\">\n\t\t\t\t\t\t<div class=\"elementor-container elementor-column-gap-default\">\n\t\t\t\t\t<div class=\"elementor-column elementor-col-33 elementor-top-column elementor-element elementor-element-67d6df5b\" data-id=\"67d6df5b\" data-element_type=\"column\" data-e-type=\"column\">\n\t\t\t<div class=\"elementor-widget-wrap elementor-element-populated\">\n\t\t\t\t\t\t<div class=\"elementor-element elementor-element-770ed178 elementor-widget elementor-widget-image\" data-id=\"770ed178\" data-element_type=\"widget\" data-e-type=\"widget\" data-widget_type=\"image.default\">\n\t\t\t\t<div class=\"elementor-widget-container\">\n\t\t\t\t\t\t\t\t\t\t\t\t<figure class=\"wp-caption\">\n\t\t\t\t\t\t\t\t\t\t<img loading=\"lazy\" decoding=\"async\" width=\"100\" height=\"100\" src=\"https:\/\/www.madsen.de\/wp-content\/uploads\/2015\/10\/Jasper-Jumper.jpg\" class=\"attachment-large size-large wp-image-9987\" alt=\"Jasper Jumper zur Bissverschiebung\" srcset=\"https:\/\/www.madsen.de\/wp-content\/uploads\/2015\/10\/Jasper-Jumper.jpg 100w, https:\/\/www.madsen.de\/wp-content\/uploads\/2015\/10\/Jasper-Jumper-80x80.jpg 80w, https:\/\/www.madsen.de\/wp-content\/uploads\/2015\/10\/Jasper-Jumper-36x36.jpg 36w\" sizes=\"(max-width: 100px) 100vw, 100px\" \/>\t\t\t\t\t\t\t\t\t\t\t<figcaption class=\"widget-image-caption wp-caption-text\">Jasper Jumper for bite shifting<\/figcaption>\n\t\t\t\t\t\t\t\t\t\t<\/figure>\n\t\t\t\t\t\t\t\t\t<\/div>\n\t\t\t\t<\/div>\n\t\t\t\t\t<\/div>\n\t\t<\/div>\n\t\t\t\t<div class=\"elementor-column elementor-col-33 elementor-top-column elementor-element elementor-element-7918928f\" data-id=\"7918928f\" data-element_type=\"column\" data-e-type=\"column\">\n\t\t\t<div class=\"elementor-widget-wrap elementor-element-populated\">\n\t\t\t\t\t\t<div class=\"elementor-element elementor-element-29d086b3 elementor-widget elementor-widget-image\" data-id=\"29d086b3\" data-element_type=\"widget\" data-e-type=\"widget\" data-widget_type=\"image.default\">\n\t\t\t\t<div class=\"elementor-widget-container\">\n\t\t\t\t\t\t\t\t\t\t\t\t<figure class=\"wp-caption\">\n\t\t\t\t\t\t\t\t\t\t<img loading=\"lazy\" decoding=\"async\" width=\"100\" height=\"100\" src=\"https:\/\/www.madsen.de\/wp-content\/uploads\/2015\/10\/Distal-Jet.jpg\" class=\"attachment-large size-large wp-image-9988\" alt=\"Distal Jet zur R\u00fcckbewegung oberer Seitenz\u00e4hne ohne Headgear (Au\u00dfenbogen)\" srcset=\"https:\/\/www.madsen.de\/wp-content\/uploads\/2015\/10\/Distal-Jet.jpg 100w, https:\/\/www.madsen.de\/wp-content\/uploads\/2015\/10\/Distal-Jet-80x80.jpg 80w, https:\/\/www.madsen.de\/wp-content\/uploads\/2015\/10\/Distal-Jet-36x36.jpg 36w\" sizes=\"(max-width: 100px) 100vw, 100px\" \/>\t\t\t\t\t\t\t\t\t\t\t<figcaption class=\"widget-image-caption wp-caption-text\">Distal Jet for moving the upper molars backwards without headgear (outer arch).<\/figcaption>\n\t\t\t\t\t\t\t\t\t\t<\/figure>\n\t\t\t\t\t\t\t\t\t<\/div>\n\t\t\t\t<\/div>\n\t\t\t\t\t<\/div>\n\t\t<\/div>\n\t\t\t\t<div class=\"elementor-column elementor-col-33 elementor-top-column elementor-element elementor-element-48778157\" data-id=\"48778157\" data-element_type=\"column\" data-e-type=\"column\">\n\t\t\t<div class=\"elementor-widget-wrap elementor-element-populated\">\n\t\t\t\t\t\t<div class=\"elementor-element elementor-element-33f3a9b3 elementor-widget elementor-widget-image\" data-id=\"33f3a9b3\" data-element_type=\"widget\" data-e-type=\"widget\" data-widget_type=\"image.default\">\n\t\t\t\t<div class=\"elementor-widget-container\">\n\t\t\t\t\t\t\t\t\t\t\t\t<figure class=\"wp-caption\">\n\t\t\t\t\t\t\t\t\t\t<img loading=\"lazy\" decoding=\"async\" width=\"100\" height=\"100\" src=\"https:\/\/www.madsen.de\/wp-content\/uploads\/2015\/10\/Pendex.jpg\" class=\"attachment-large size-large wp-image-9989\" alt=\"Pendex-Zahnspange zur R\u00fcckbewegung oberer Seitenz\u00e4hne ohne Headgear und gleichzeitiger Verbreiterung des Oberkiefers\" srcset=\"https:\/\/www.madsen.de\/wp-content\/uploads\/2015\/10\/Pendex.jpg 100w, https:\/\/www.madsen.de\/wp-content\/uploads\/2015\/10\/Pendex-80x80.jpg 80w, https:\/\/www.madsen.de\/wp-content\/uploads\/2015\/10\/Pendex-36x36.jpg 36w\" sizes=\"(max-width: 100px) 100vw, 100px\" \/>\t\t\t\t\t\t\t\t\t\t\t<figcaption class=\"widget-image-caption wp-caption-text\">Pendex Appliance for moving the upper molars backwards without headgear and simultaneous broadening of the upper jaw.<\/figcaption>\n\t\t\t\t\t\t\t\t\t\t<\/figure>\n\t\t\t\t\t\t\t\t\t<\/div>\n\t\t\t\t<\/div>\n\t\t\t\t\t<\/div>\n\t\t<\/div>\n\t\t\t\t\t<\/div>\n\t\t<\/section>\n\t\t\t\t<section class=\"elementor-section elementor-top-section elementor-element elementor-element-4f7e4666 elementor-section-boxed elementor-section-height-default elementor-section-height-default\" data-id=\"4f7e4666\" data-element_type=\"section\" data-e-type=\"section\">\n\t\t\t\t\t\t<div class=\"elementor-container elementor-column-gap-default\">\n\t\t\t\t\t<div class=\"elementor-column elementor-col-33 elementor-top-column elementor-element elementor-element-6d07ba08\" data-id=\"6d07ba08\" data-element_type=\"column\" data-e-type=\"column\">\n\t\t\t<div class=\"elementor-widget-wrap elementor-element-populated\">\n\t\t\t\t\t\t<div class=\"elementor-element elementor-element-10ab5d1a elementor-widget elementor-widget-image\" data-id=\"10ab5d1a\" data-element_type=\"widget\" data-e-type=\"widget\" data-widget_type=\"image.default\">\n\t\t\t\t<div class=\"elementor-widget-container\">\n\t\t\t\t\t\t\t\t\t\t\t\t<figure class=\"wp-caption\">\n\t\t\t\t\t\t\t\t\t\t<img loading=\"lazy\" decoding=\"async\" width=\"100\" height=\"100\" src=\"https:\/\/www.madsen.de\/wp-content\/uploads\/2015\/10\/Lip-Bumper.jpg\" class=\"attachment-large size-large wp-image-9990\" alt=\"Lip-Bumper zum Platzhalten und -gewinnen\" srcset=\"https:\/\/www.madsen.de\/wp-content\/uploads\/2015\/10\/Lip-Bumper.jpg 100w, https:\/\/www.madsen.de\/wp-content\/uploads\/2015\/10\/Lip-Bumper-80x80.jpg 80w, https:\/\/www.madsen.de\/wp-content\/uploads\/2015\/10\/Lip-Bumper-36x36.jpg 36w\" sizes=\"(max-width: 100px) 100vw, 100px\" \/>\t\t\t\t\t\t\t\t\t\t\t<figcaption class=\"widget-image-caption wp-caption-text\">Lip Bumper for keeping or gaining arch length.<\/figcaption>\n\t\t\t\t\t\t\t\t\t\t<\/figure>\n\t\t\t\t\t\t\t\t\t<\/div>\n\t\t\t\t<\/div>\n\t\t\t\t\t<\/div>\n\t\t<\/div>\n\t\t\t\t<div class=\"elementor-column elementor-col-33 elementor-top-column elementor-element elementor-element-5120031d\" data-id=\"5120031d\" data-element_type=\"column\" data-e-type=\"column\">\n\t\t\t<div class=\"elementor-widget-wrap elementor-element-populated\">\n\t\t\t\t\t\t<div class=\"elementor-element elementor-element-bea41a0 elementor-widget elementor-widget-image\" data-id=\"bea41a0\" data-element_type=\"widget\" data-e-type=\"widget\" data-widget_type=\"image.default\">\n\t\t\t\t<div class=\"elementor-widget-container\">\n\t\t\t\t\t\t\t\t\t\t\t\t<figure class=\"wp-caption\">\n\t\t\t\t\t\t\t\t\t\t<img loading=\"lazy\" decoding=\"async\" width=\"100\" height=\"100\" src=\"https:\/\/www.madsen.de\/wp-content\/uploads\/2019\/09\/gaumenbuegel.jpg\" class=\"attachment-large size-large wp-image-11658\" alt=\"Gaumenb\u00fcgel zum Rotieren und Halten der oberen ersten Molaren\" \/>\t\t\t\t\t\t\t\t\t\t\t<figcaption class=\"widget-image-caption wp-caption-text\">Transpalatal Arch: It rotates, tilts and physically moves the upper 1st molars outwards and, to a certain extent, also backwards and forwards.<\/figcaption>\n\t\t\t\t\t\t\t\t\t\t<\/figure>\n\t\t\t\t\t\t\t\t\t<\/div>\n\t\t\t\t<\/div>\n\t\t\t\t\t<\/div>\n\t\t<\/div>\n\t\t\t\t<div class=\"elementor-column elementor-col-33 elementor-top-column elementor-element elementor-element-23c715ff\" data-id=\"23c715ff\" data-element_type=\"column\" data-e-type=\"column\">\n\t\t\t<div class=\"elementor-widget-wrap elementor-element-populated\">\n\t\t\t\t\t\t<div class=\"elementor-element elementor-element-7dd7d2a9 elementor-widget elementor-widget-image\" data-id=\"7dd7d2a9\" data-element_type=\"widget\" data-e-type=\"widget\" data-widget_type=\"image.default\">\n\t\t\t\t<div class=\"elementor-widget-container\">\n\t\t\t\t\t\t\t\t\t\t\t\t<figure class=\"wp-caption\">\n\t\t\t\t\t\t\t\t\t\t<img loading=\"lazy\" decoding=\"async\" width=\"100\" height=\"100\" src=\"https:\/\/www.madsen.de\/wp-content\/uploads\/2019\/09\/unterer-lingualbuuegel.jpg\" class=\"attachment-large size-large wp-image-11660\" alt=\"unterer Lingualb\u00fcgel zum Halten unterer Seitenz\u00e4hne w\u00e4hrend des Zahnwechsels\" \/>\t\t\t\t\t\t\t\t\t\t\t<figcaption class=\"widget-image-caption wp-caption-text\">Lower Lingual Arch: a holding device for the mixed dentition to maintain arch length and to prevent mesial migration of the mandibular first molars.<\/figcaption>\n\t\t\t\t\t\t\t\t\t\t<\/figure>\n\t\t\t\t\t\t\t\t\t<\/div>\n\t\t\t\t<\/div>\n\t\t\t\t\t<\/div>\n\t\t<\/div>\n\t\t\t\t\t<\/div>\n\t\t<\/section>\n\t\t\t\t<\/div>\n\t\t","protected":false},"excerpt":{"rendered":"<p>Removable or Fixed Appliances?\u200b Since children, unlike adults, do not enter our office on their own accord but of their dentist\u2019s or parents\u2019, we have to respect their deviant motivation and adjust the treatment planning to the needs of these patients. Our orthodontists are convinced of treating adolescents in a maximum of two years, because [&hellip;]<\/p>\n","protected":false},"author":1,"featured_media":17144,"parent":4380,"menu_order":1,"comment_status":"closed","ping_status":"closed","template":"","meta":{"_acf_changed":false,"footnotes":""},"class_list":["post-4385","page","type-page","status-publish","has-post-thumbnail","hentry"],"acf":[],"_links":{"self":[{"href":"https:\/\/www.madsen.de\/en\/wp-json\/wp\/v2\/pages\/4385","targetHints":{"allow":["GET"]}}],"collection":[{"href":"https:\/\/www.madsen.de\/en\/wp-json\/wp\/v2\/pages"}],"about":[{"href":"https:\/\/www.madsen.de\/en\/wp-json\/wp\/v2\/types\/page"}],"author":[{"embeddable":true,"href":"https:\/\/www.madsen.de\/en\/wp-json\/wp\/v2\/users\/1"}],"replies":[{"embeddable":true,"href":"https:\/\/www.madsen.de\/en\/wp-json\/wp\/v2\/comments?post=4385"}],"version-history":[{"count":18,"href":"https:\/\/www.madsen.de\/en\/wp-json\/wp\/v2\/pages\/4385\/revisions"}],"predecessor-version":[{"id":17795,"href":"https:\/\/www.madsen.de\/en\/wp-json\/wp\/v2\/pages\/4385\/revisions\/17795"}],"up":[{"embeddable":true,"href":"https:\/\/www.madsen.de\/en\/wp-json\/wp\/v2\/pages\/4380"}],"wp:featuredmedia":[{"embeddable":true,"href":"https:\/\/www.madsen.de\/en\/wp-json\/wp\/v2\/media\/17144"}],"wp:attachment":[{"href":"https:\/\/www.madsen.de\/en\/wp-json\/wp\/v2\/media?parent=4385"}],"curies":[{"name":"wp","href":"https:\/\/api.w.org\/{rel}","templated":true}]}}