{"id":5603,"date":"2016-02-02T10:28:13","date_gmt":"2016-02-02T09:28:13","guid":{"rendered":"http:\/\/redesign.madsen.de\/en\/impressum\/"},"modified":"2025-10-06T13:48:07","modified_gmt":"2025-10-06T11:48:07","slug":"legal-notice","status":"publish","type":"page","link":"https:\/\/www.madsen.de\/en\/legal-notice\/","title":{"rendered":"Legal Notice"},"content":{"rendered":"<h1><span lang=\"en-US\">Legal Notice<\/span><\/h1>\n<p><span lang=\"en-US\"><b>Responsible for this website and owner of the copyright:<\/b><\/span><\/p>\n<p><span lang=\"en-US\">Dr. Henning Madsen, specialist of orthodontic dentistry<\/span><\/p>\n<p><span lang=\"en-US\">Certified on the 1st October 1993 by:<\/span><\/p>\n<p>Landeszahn\u00e4rztekammer Bayern<br \/>\nFallstra\u00dfe 34<br \/>\n81369 M\u00fcnchen<br \/>\nPhone: 089 \/ 72 48 00<br \/>\nFax: 089 \/ 72 48 01 08<br \/>\nWeb: www.blzk.de<\/p>\n<p>Member of the<br \/>\nLandeszahn\u00e4rztekammer Rheinland-Pfalz<br \/>\nLangenbeckstra\u00dfe 2<br \/>\n55131 Mainz<br \/>\nPhone: 06131 \/ 9 61 36 60<br \/>\nFax: 06131 \/ 9 61 36 89<br \/>\nE-mail: geschaeftsstelle@lzk.de<br \/>\nWeb: www.lzk-rheinland-pfalz.de<\/p>\n<p>Member of the<br \/>\nLandeszahn\u00e4rztekammer Baden-W\u00fcrttemberg<br \/>\nAlbstadtweg 9<br \/>\n70567 Stuttgart<br \/>\nPhone: Tel. 0711 22845-0<br \/>\nFax: 0711 22845-40<br \/>\nE-mail: info@lzk-bw.de<br \/>\nWeb: www.lzk-bw.de<\/p>\n<p>Practice Addresses:<\/p>\n<p>Dr. Madsen Kieferorthop\u00e4die Mannheim, MVZ GmbH<br \/>\nQ7, 3<br \/>\n68161 Mannheim<br \/>\nPhone: 0621 \/ 17 888 222<br \/>\nFax: 0621 \/ 17 888 221<br \/>\nE-mail: rezeption-ma@madsen.de<\/p>\n<p>Web: www.madsen.de<\/p>\n<p>General legal regulations through federal legislation and state legislation of Rheinland-Pfalz, in particular the Heilberufsgesetz and the Zahnheilkundegesetz, further professional regulations through the Landeszahn\u00e4rztekammer Rheinland-Pfalz, in particular the Berufsordnung f\u00fcr Zahn\u00e4rzte in Rheinland-Pfalz.<\/p>\n<p><span lang=\"en-US\">The reproduction of all data and contents of this website in any form is only allowed with my written permission.<\/span><\/p>\n<p><strong>Dispute resolution proceedings in front of a consumer arbitration board<\/strong><\/p>\n<p>We are not willing or obliged to participate in dispute resolution proceedings in front of a consumer arbitration board.<\/p>\n<p><b>Images:<\/b><\/p>\n<p><span lang=\"en-US\">All rights reserved by Dr. Henning Madsen<\/span><\/p>\n","protected":false},"excerpt":{"rendered":"<p>Legal Notice Responsible for this website and owner of the copyright: Dr. Henning Madsen, specialist of orthodontic dentistry Certified on the 1st October 1993 by: Landeszahn\u00e4rztekammer Bayern Fallstra\u00dfe 34 81369 M\u00fcnchen Phone: 089 \/ 72 48 00 Fax: 089 \/ 72 48 01 08 Web: www.blzk.de Member of the Landeszahn\u00e4rztekammer Rheinland-Pfalz Langenbeckstra\u00dfe 2 55131 Mainz [&hellip;]<\/p>\n","protected":false},"author":1,"featured_media":9934,"parent":0,"menu_order":8,"comment_status":"closed","ping_status":"closed","template":"","meta":{"_acf_changed":false,"footnotes":""},"class_list":["post-5603","page","type-page","status-publish","has-post-thumbnail","hentry"],"acf":[],"aioseo_notices":[],"_links":{"self":[{"href":"https:\/\/www.madsen.de\/en\/wp-json\/wp\/v2\/pages\/5603","targetHints":{"allow":["GET"]}}],"collection":[{"href":"https:\/\/www.madsen.de\/en\/wp-json\/wp\/v2\/pages"}],"about":[{"href":"https:\/\/www.madsen.de\/en\/wp-json\/wp\/v2\/types\/page"}],"author":[{"embeddable":true,"href":"https:\/\/www.madsen.de\/en\/wp-json\/wp\/v2\/users\/1"}],"replies":[{"embeddable":true,"href":"https:\/\/www.madsen.de\/en\/wp-json\/wp\/v2\/comments?post=5603"}],"version-history":[{"count":8,"href":"https:\/\/www.madsen.de\/en\/wp-json\/wp\/v2\/pages\/5603\/revisions"}],"predecessor-version":[{"id":19373,"href":"https:\/\/www.madsen.de\/en\/wp-json\/wp\/v2\/pages\/5603\/revisions\/19373"}],"wp:featuredmedia":[{"embeddable":true,"href":"https:\/\/www.madsen.de\/en\/wp-json\/wp\/v2\/media\/9934"}],"wp:attachment":[{"href":"https:\/\/www.madsen.de\/en\/wp-json\/wp\/v2\/media?parent=5603"}],"curies":[{"name":"wp","href":"https:\/\/api.w.org\/{rel}","templated":true}]}}