{"id":6304,"date":"2015-10-28T17:33:17","date_gmt":"2015-10-28T16:33:17","guid":{"rendered":"https:\/\/www.madsen.de\/en\/treatment\/festsitzende-spangen\/"},"modified":"2023-09-01T12:19:03","modified_gmt":"2023-09-01T10:19:03","slug":"fixed-braces","status":"publish","type":"page","link":"https:\/\/www.madsen.de\/en\/treatment\/fixed-braces\/","title":{"rendered":"Fixed Braces"},"content":{"rendered":"\t\t<div data-elementor-type=\"wp-post\" data-elementor-id=\"6304\" class=\"elementor elementor-6304 elementor-3706\" data-elementor-post-type=\"page\">\n\t\t\t\t\t\t<section class=\"elementor-section elementor-top-section elementor-element elementor-element-73db6123 elementor-section-boxed elementor-section-height-default elementor-section-height-default\" data-id=\"73db6123\" data-element_type=\"section\" data-e-type=\"section\">\n\t\t\t\t\t\t<div class=\"elementor-container elementor-column-gap-default\">\n\t\t\t\t\t<div class=\"elementor-column elementor-col-100 elementor-top-column elementor-element elementor-element-6d2e39ed\" data-id=\"6d2e39ed\" data-element_type=\"column\" data-e-type=\"column\">\n\t\t\t<div class=\"elementor-widget-wrap elementor-element-populated\">\n\t\t\t\t\t\t<div class=\"elementor-element elementor-element-74598dad elementor-widget elementor-widget-text-editor\" data-id=\"74598dad\" data-element_type=\"widget\" data-e-type=\"widget\" data-widget_type=\"text-editor.default\">\n\t\t\t\t<div class=\"elementor-widget-container\">\n\t\t\t\t\t\t\t\t\t<h1>Fixed Braces are Simply Better<\/h1>\t\t\t\t\t\t\t\t<\/div>\n\t\t\t\t<\/div>\n\t\t\t\t\t<\/div>\n\t\t<\/div>\n\t\t\t\t\t<\/div>\n\t\t<\/section>\n\t\t\t\t<section class=\"elementor-section elementor-top-section elementor-element elementor-element-f950427 elementor-section-boxed elementor-section-height-default elementor-section-height-default\" data-id=\"f950427\" data-element_type=\"section\" data-e-type=\"section\">\n\t\t\t\t\t\t<div class=\"elementor-container elementor-column-gap-default\">\n\t\t\t\t\t<div class=\"elementor-column elementor-col-50 elementor-top-column elementor-element elementor-element-bd9823f\" data-id=\"bd9823f\" data-element_type=\"column\" data-e-type=\"column\">\n\t\t\t<div class=\"elementor-widget-wrap elementor-element-populated\">\n\t\t\t\t\t\t<div class=\"elementor-element elementor-element-0bc823d elementor-widget elementor-widget-text-editor\" data-id=\"0bc823d\" data-element_type=\"widget\" data-e-type=\"widget\" data-widget_type=\"text-editor.default\">\n\t\t\t\t<div class=\"elementor-widget-container\">\n\t\t\t\t\t\t\t\t\t<p>Fixed braces consist of brackets that are bonded to the teeth and wires that are connected to the <a title=\"Selbstligierende Brackets\" href=\"https:\/\/www.madsen.de\/lexikon\/selbstligierende-brackets\/\">brackets<\/a>. Only rarely, the brackets are cemented to the teeth with metal rings called <a title=\"Multiband-Apparatur\" href=\"https:\/\/www.madsen.de\/lexikon\/multiband-apparatur\/\">bands<\/a>.<\/p><p>The wires exert forces and torques through the brackets to selectively move the teeth. Orthodontic treatment with fixed braces has been standard worldwide for decades, while treatment with the old-fashioned removable appliances is declining.<\/p><p>Because of the large volume of plastic associated with the removable appliances, there are problems with speaking and of course eating is virtually impossible.<\/p><p>Most of the children feel so confined that they only wear the <a title=\"Herausnehmbare Zahnspangen: veraltet, ineffizient und unwirtschaftlich\" href=\"https:\/\/www.madsen.de\/herausnehmbare-zahnspangen-sind-veraltet-ineffizient-und-unwirtschaftlich\/\">removable braces<\/a> at night. This has been confirmed in studies of the University of T\u00fcbingen: 10 hours wearing time can be expected, but 16 hours would be mostly necessary.<\/p><p>By having a lower usage-rate, the chance of a good success is hard to achieve \u2013 so it is important that the parents constantly support their child in order to be successful.<\/p><p>Removable appliances have a very high failure rate at nearly a third of all patients and also have a longer treatment time and higher costs.<\/p><p>In addition, due to their treatment provided, this method needs to be finished by using the fixed braces, which results in treatment times of 4-5 years becoming common practice in this two-phase treatment. Most removable braces are therefore outdated and should not be used today.<\/p><p>Our orthodontists are of the opinion that removable braces are only suitable in rare cases. Therefore, we concentrate on working with fixed appliances in our practice in Mannheim.<\/p>\t\t\t\t\t\t\t\t<\/div>\n\t\t\t\t<\/div>\n\t\t\t\t\t<\/div>\n\t\t<\/div>\n\t\t\t\t<div class=\"elementor-column elementor-col-50 elementor-top-column elementor-element elementor-element-4baa573\" data-id=\"4baa573\" data-element_type=\"column\" data-e-type=\"column\">\n\t\t\t<div class=\"elementor-widget-wrap elementor-element-populated\">\n\t\t\t\t\t\t<div class=\"elementor-element elementor-element-d5c15ff elementor-widget elementor-widget-image\" data-id=\"d5c15ff\" data-element_type=\"widget\" data-e-type=\"widget\" data-widget_type=\"image.default\">\n\t\t\t\t<div class=\"elementor-widget-container\">\n\t\t\t\t\t\t\t\t\t\t\t\t\t\t\t<img fetchpriority=\"high\" decoding=\"async\" width=\"584\" height=\"370\" src=\"https:\/\/www.madsen.de\/wp-content\/uploads\/2023\/07\/schneidezaehne-mit-brackets.jpg\" class=\"attachment-large size-large wp-image-17898\" alt=\"\" srcset=\"https:\/\/www.madsen.de\/wp-content\/uploads\/2023\/07\/schneidezaehne-mit-brackets.jpg 584w, https:\/\/www.madsen.de\/wp-content\/uploads\/2023\/07\/schneidezaehne-mit-brackets-300x190.jpg 300w\" sizes=\"(max-width: 584px) 100vw, 584px\" \/>\t\t\t\t\t\t\t\t\t\t\t\t\t\t\t<\/div>\n\t\t\t\t<\/div>\n\t\t\t\t<div class=\"elementor-element elementor-element-4377805 elementor-widget elementor-widget-image\" data-id=\"4377805\" data-element_type=\"widget\" data-e-type=\"widget\" data-widget_type=\"image.default\">\n\t\t\t\t<div class=\"elementor-widget-container\">\n\t\t\t\t\t\t\t\t\t\t\t\t<figure class=\"wp-caption\">\n\t\t\t\t\t\t\t\t\t\t<img decoding=\"async\" width=\"800\" height=\"600\" src=\"https:\/\/www.madsen.de\/wp-content\/uploads\/2023\/07\/festsitzende-zahnspange.jpg\" class=\"attachment-large size-large wp-image-17900\" alt=\"\" srcset=\"https:\/\/www.madsen.de\/wp-content\/uploads\/2023\/07\/festsitzende-zahnspange.jpg 1000w, https:\/\/www.madsen.de\/wp-content\/uploads\/2023\/07\/festsitzende-zahnspange-300x225.jpg 300w, https:\/\/www.madsen.de\/wp-content\/uploads\/2023\/07\/festsitzende-zahnspange-768x576.jpg 768w\" sizes=\"(max-width: 800px) 100vw, 800px\" \/>\t\t\t\t\t\t\t\t\t\t\t<figcaption class=\"widget-image-caption wp-caption-text\">slim design, highly efficient<\/figcaption>\n\t\t\t\t\t\t\t\t\t\t<\/figure>\n\t\t\t\t\t\t\t\t\t<\/div>\n\t\t\t\t<\/div>\n\t\t\t\t\t<\/div>\n\t\t<\/div>\n\t\t\t\t\t<\/div>\n\t\t<\/section>\n\t\t\t\t<section class=\"elementor-section elementor-top-section elementor-element elementor-element-290f9a1c elementor-section-boxed elementor-section-height-default elementor-section-height-default\" data-id=\"290f9a1c\" data-element_type=\"section\" data-e-type=\"section\">\n\t\t\t\t\t\t<div class=\"elementor-container elementor-column-gap-default\">\n\t\t\t\t\t<div class=\"elementor-column elementor-col-100 elementor-top-column elementor-element elementor-element-595088f5\" data-id=\"595088f5\" data-element_type=\"column\" data-e-type=\"column\">\n\t\t\t<div class=\"elementor-widget-wrap elementor-element-populated\">\n\t\t\t\t\t\t<div class=\"elementor-element elementor-element-232d937a elementor-widget elementor-widget-text-editor\" data-id=\"232d937a\" data-element_type=\"widget\" data-e-type=\"widget\" data-widget_type=\"text-editor.default\">\n\t\t\t\t<div class=\"elementor-widget-container\">\n\t\t\t\t\t\t\t\t\t<h2>Modern Concept<\/h2><p>We work with a late start and fixed appliances. The procedure commends no earlier than the complete change of teeth around 11-12 years old, and then with one\u2010time only fixed braces for a short time of 9-24 months.<\/p><p>A \u201cpre\u2010treatment\u201d with removable braces is unnecessary, because the fixed braces can treat and align all of the teeth alone. From our experience, the youth who went through this treatment felt more comfortable and also there were no instances of fixed braces impairing speaking or eating recorded.<\/p><p>Our orthodontists know that anything is possible by using fixed braces, what the young patients can do without orthodontic appliances, so that the treatments aren\u2019t thought of as being a burden and the cooperation during this complicated phase isn\u2019t necessarily required.<\/p><p>Without a doubt, fixed braces are scientifically more efficient than removable retainers: a precise alignment of teeth in all sections is only possible with brackets, whereas the bulky, removable retainers only provide a tilt-movement with the possibility of inaccurate results. Numerous scientific studies show that fixed apparatuses offer the better relationship between costs and benefits; the highest success rates, best results, and shortest treatment times are achieved with these appliances.<\/p>\t\t\t\t\t\t\t\t<\/div>\n\t\t\t\t<\/div>\n\t\t\t\t\t<\/div>\n\t\t<\/div>\n\t\t\t\t\t<\/div>\n\t\t<\/section>\n\t\t\t\t<section class=\"elementor-section elementor-top-section elementor-element elementor-element-6496c58 elementor-section-boxed elementor-section-height-default elementor-section-height-default\" data-id=\"6496c58\" data-element_type=\"section\" data-e-type=\"section\">\n\t\t\t\t\t\t<div class=\"elementor-container elementor-column-gap-default\">\n\t\t\t\t\t<div class=\"elementor-column elementor-col-50 elementor-top-column elementor-element elementor-element-2a309b0a\" data-id=\"2a309b0a\" data-element_type=\"column\" data-e-type=\"column\">\n\t\t\t<div class=\"elementor-widget-wrap elementor-element-populated\">\n\t\t\t\t\t\t<div class=\"elementor-element elementor-element-6044e53f elementor-widget elementor-widget-image\" data-id=\"6044e53f\" data-element_type=\"widget\" data-e-type=\"widget\" data-widget_type=\"image.default\">\n\t\t\t\t<div class=\"elementor-widget-container\">\n\t\t\t\t\t\t\t\t\t\t\t\t<figure class=\"wp-caption\">\n\t\t\t\t\t\t\t\t\t\t<img decoding=\"async\" width=\"300\" height=\"143\" src=\"https:\/\/www.madsen.de\/wp-content\/uploads\/2015\/10\/festsitzendespangen1.png\" class=\"attachment-large size-large wp-image-10003\" alt=\"Patient mit extremem Tiefbiss\u2026\" \/>\t\t\t\t\t\t\t\t\t\t\t<figcaption class=\"widget-image-caption wp-caption-text\">Male patient with an extreme case of deep bite \u2026<\/figcaption>\n\t\t\t\t\t\t\t\t\t\t<\/figure>\n\t\t\t\t\t\t\t\t\t<\/div>\n\t\t\t\t<\/div>\n\t\t\t\t\t<\/div>\n\t\t<\/div>\n\t\t\t\t<div class=\"elementor-column elementor-col-50 elementor-top-column elementor-element elementor-element-69dcf897\" data-id=\"69dcf897\" data-element_type=\"column\" data-e-type=\"column\">\n\t\t\t<div class=\"elementor-widget-wrap elementor-element-populated\">\n\t\t\t\t\t\t<div class=\"elementor-element elementor-element-10a146b0 elementor-widget elementor-widget-image\" data-id=\"10a146b0\" data-element_type=\"widget\" data-e-type=\"widget\" data-widget_type=\"image.default\">\n\t\t\t\t<div class=\"elementor-widget-container\">\n\t\t\t\t\t\t\t\t\t\t\t\t<figure class=\"wp-caption\">\n\t\t\t\t\t\t\t\t\t\t<img loading=\"lazy\" decoding=\"async\" width=\"300\" height=\"141\" src=\"https:\/\/www.madsen.de\/wp-content\/uploads\/2015\/10\/festsitzendespangen2.png\" class=\"attachment-large size-large wp-image-10002\" alt=\"\u2026und nach 16 Monaten festsitzender Spange\" \/>\t\t\t\t\t\t\t\t\t\t\t<figcaption class=\"widget-image-caption wp-caption-text\">\u2026 and after 16 months with fixed braces.<\/figcaption>\n\t\t\t\t\t\t\t\t\t\t<\/figure>\n\t\t\t\t\t\t\t\t\t<\/div>\n\t\t\t\t<\/div>\n\t\t\t\t\t<\/div>\n\t\t<\/div>\n\t\t\t\t\t<\/div>\n\t\t<\/section>\n\t\t\t\t<section class=\"elementor-section elementor-top-section elementor-element elementor-element-7c549e60 elementor-section-boxed elementor-section-height-default elementor-section-height-default\" data-id=\"7c549e60\" data-element_type=\"section\" data-e-type=\"section\">\n\t\t\t\t\t\t<div class=\"elementor-container elementor-column-gap-default\">\n\t\t\t\t\t<div class=\"elementor-column elementor-col-100 elementor-top-column elementor-element elementor-element-bebfa08\" data-id=\"bebfa08\" data-element_type=\"column\" data-e-type=\"column\">\n\t\t\t<div class=\"elementor-widget-wrap elementor-element-populated\">\n\t\t\t\t\t\t<div class=\"elementor-element elementor-element-6b67a457 elementor-widget elementor-widget-text-editor\" data-id=\"6b67a457\" data-element_type=\"widget\" data-e-type=\"widget\" data-widget_type=\"text-editor.default\">\n\t\t\t\t<div class=\"elementor-widget-container\">\n\t\t\t\t\t\t\t\t\t<h2>Shorter Treatment is Healthier<\/h2><p>In our orthodontic practice in Mannheim, we are able to reduce the customary active treatment time from a good three years in half. This results in the parents being worried if there are risks associated with the teeth and the more apparently strenuous, fast-paced procedures.<\/p><p>Luckily, that is not the case: the most important tricks for achieving shorter treatments are smart decisions at the best time and leaving out unnecessary treatment steps. On the other hand, damage to the teeth and tooth roots occurs more frequently with longer treatment time, so that the shorter treatment time is also healthier.<\/p>\t\t\t\t\t\t\t\t<\/div>\n\t\t\t\t<\/div>\n\t\t\t\t\t<\/div>\n\t\t<\/div>\n\t\t\t\t\t<\/div>\n\t\t<\/section>\n\t\t\t\t<section class=\"elementor-section elementor-top-section elementor-element elementor-element-7c416208 elementor-section-boxed elementor-section-height-default elementor-section-height-default\" data-id=\"7c416208\" data-element_type=\"section\" data-e-type=\"section\">\n\t\t\t\t\t\t<div class=\"elementor-container elementor-column-gap-default\">\n\t\t\t\t\t<div class=\"elementor-column elementor-col-50 elementor-top-column elementor-element elementor-element-228dca6e\" data-id=\"228dca6e\" data-element_type=\"column\" data-e-type=\"column\">\n\t\t\t<div class=\"elementor-widget-wrap elementor-element-populated\">\n\t\t\t\t\t\t<div class=\"elementor-element elementor-element-211928c0 elementor-widget elementor-widget-image\" data-id=\"211928c0\" data-element_type=\"widget\" data-e-type=\"widget\" data-widget_type=\"image.default\">\n\t\t\t\t<div class=\"elementor-widget-container\">\n\t\t\t\t\t\t\t\t\t\t\t\t<figure class=\"wp-caption\">\n\t\t\t\t\t\t\t\t\t\t<img loading=\"lazy\" decoding=\"async\" width=\"300\" height=\"157\" src=\"https:\/\/www.madsen.de\/wp-content\/uploads\/2015\/10\/festsitzendespangen3.png\" class=\"attachment-large size-large wp-image-10001\" alt=\"Patientin mit gro\u00dfen L\u00fccken und \u00dcberbiss\u2026\" \/>\t\t\t\t\t\t\t\t\t\t\t<figcaption class=\"widget-image-caption wp-caption-text\">A female patient with big tooth gaps and an over-bite \u2026<\/figcaption>\n\t\t\t\t\t\t\t\t\t\t<\/figure>\n\t\t\t\t\t\t\t\t\t<\/div>\n\t\t\t\t<\/div>\n\t\t\t\t\t<\/div>\n\t\t<\/div>\n\t\t\t\t<div class=\"elementor-column elementor-col-50 elementor-top-column elementor-element elementor-element-3a67566e\" data-id=\"3a67566e\" data-element_type=\"column\" data-e-type=\"column\">\n\t\t\t<div class=\"elementor-widget-wrap elementor-element-populated\">\n\t\t\t\t\t\t<div class=\"elementor-element elementor-element-2c9d1132 elementor-widget elementor-widget-image\" data-id=\"2c9d1132\" data-element_type=\"widget\" data-e-type=\"widget\" data-widget_type=\"image.default\">\n\t\t\t\t<div class=\"elementor-widget-container\">\n\t\t\t\t\t\t\t\t\t\t\t\t<figure class=\"wp-caption\">\n\t\t\t\t\t\t\t\t\t\t<img loading=\"lazy\" decoding=\"async\" width=\"300\" height=\"159\" src=\"https:\/\/www.madsen.de\/wp-content\/uploads\/2015\/10\/festsitzendespangen4.png\" class=\"attachment-large size-large wp-image-10000\" alt=\"\u2026und nach 9 Monaten festsitzender Spange\" \/>\t\t\t\t\t\t\t\t\t\t\t<figcaption class=\"widget-image-caption wp-caption-text\"> \u2026 and after 9 months with fixed braces.<\/figcaption>\n\t\t\t\t\t\t\t\t\t\t<\/figure>\n\t\t\t\t\t\t\t\t\t<\/div>\n\t\t\t\t<\/div>\n\t\t\t\t\t<\/div>\n\t\t<\/div>\n\t\t\t\t\t<\/div>\n\t\t<\/section>\n\t\t\t\t<section class=\"elementor-section elementor-top-section elementor-element elementor-element-3d8ce16 elementor-section-boxed elementor-section-height-default elementor-section-height-default\" data-id=\"3d8ce16\" data-element_type=\"section\" data-e-type=\"section\">\n\t\t\t\t\t\t<div class=\"elementor-container elementor-column-gap-default\">\n\t\t\t\t\t<div class=\"elementor-column elementor-col-100 elementor-top-column elementor-element elementor-element-179a61cf\" data-id=\"179a61cf\" data-element_type=\"column\" data-e-type=\"column\">\n\t\t\t<div class=\"elementor-widget-wrap elementor-element-populated\">\n\t\t\t\t\t\t<div class=\"elementor-element elementor-element-5d273377 elementor-widget elementor-widget-text-editor\" data-id=\"5d273377\" data-element_type=\"widget\" data-e-type=\"widget\" data-widget_type=\"text-editor.default\">\n\t\t\t\t<div class=\"elementor-widget-container\">\n\t\t\t\t\t\t\t\t\t<h2>Limited Developments<\/h2><p>Our quality-conscious orthodontists disapprove that there are still so many removable retainers visible in children\u2019s mouths throughout Germany! Experts have long pointed out that this is due to a mistake in our fee schedule.<\/p><p>For example, the German Council of Economic Experts (SVR) complained in 2001 that predominantly removable appliances are still used in Germany, even though fixed braces are more efficient. The SVR attributed this to the fact that orthodontists can make higher profits with removable appliances, and demanded that the fee be redirected to the fixed appliances &#8211; but unfortunately nothing has happened in this regard.<\/p><p>In fact, orthodontists in Germany generate twice as much profit with removable braces as would be possible with fixed appliances. Even if there are still some orthodontists who use the removable retainers of honest, old love, it is obvious that in this way scarce resources of the health services will be misguided. Orthodontists from other European countries are left in awe when they hear about the four to five year procedures in Germany and they ask what the colleagues are actually doing during the long time \u2026<\/p>\t\t\t\t\t\t\t\t<\/div>\n\t\t\t\t<\/div>\n\t\t\t\t\t<\/div>\n\t\t<\/div>\n\t\t\t\t\t<\/div>\n\t\t<\/section>\n\t\t\t\t<section class=\"elementor-section elementor-top-section elementor-element elementor-element-6ec38da4 elementor-section-boxed elementor-section-height-default elementor-section-height-default\" data-id=\"6ec38da4\" data-element_type=\"section\" data-e-type=\"section\">\n\t\t\t\t\t\t<div class=\"elementor-container elementor-column-gap-default\">\n\t\t\t\t\t<div class=\"elementor-column elementor-col-50 elementor-top-column elementor-element elementor-element-34cfe7f5\" data-id=\"34cfe7f5\" data-element_type=\"column\" data-e-type=\"column\">\n\t\t\t<div class=\"elementor-widget-wrap elementor-element-populated\">\n\t\t\t\t\t\t<div class=\"elementor-element elementor-element-619e0330 elementor-widget elementor-widget-image\" data-id=\"619e0330\" data-element_type=\"widget\" data-e-type=\"widget\" data-widget_type=\"image.default\">\n\t\t\t\t<div class=\"elementor-widget-container\">\n\t\t\t\t\t\t\t\t\t\t\t\t<figure class=\"wp-caption\">\n\t\t\t\t\t\t\t\t\t\t<img loading=\"lazy\" decoding=\"async\" width=\"300\" height=\"157\" src=\"https:\/\/www.madsen.de\/wp-content\/uploads\/2015\/10\/festsitzendespangen5.png\" class=\"attachment-large size-large wp-image-9999\" alt=\"Patientin mit Vorbiss des Unterkiefers\u2026\" \/>\t\t\t\t\t\t\t\t\t\t\t<figcaption class=\"widget-image-caption wp-caption-text\">Female patient with a case of overbite in the lower jaw \u2026<\/figcaption>\n\t\t\t\t\t\t\t\t\t\t<\/figure>\n\t\t\t\t\t\t\t\t\t<\/div>\n\t\t\t\t<\/div>\n\t\t\t\t\t<\/div>\n\t\t<\/div>\n\t\t\t\t<div class=\"elementor-column elementor-col-50 elementor-top-column elementor-element elementor-element-674e1bc4\" data-id=\"674e1bc4\" data-element_type=\"column\" data-e-type=\"column\">\n\t\t\t<div class=\"elementor-widget-wrap elementor-element-populated\">\n\t\t\t\t\t\t<div class=\"elementor-element elementor-element-5f6eca2e elementor-widget elementor-widget-image\" data-id=\"5f6eca2e\" data-element_type=\"widget\" data-e-type=\"widget\" data-widget_type=\"image.default\">\n\t\t\t\t<div class=\"elementor-widget-container\">\n\t\t\t\t\t\t\t\t\t\t\t\t<figure class=\"wp-caption\">\n\t\t\t\t\t\t\t\t\t\t<img loading=\"lazy\" decoding=\"async\" width=\"300\" height=\"158\" src=\"https:\/\/www.madsen.de\/wp-content\/uploads\/2015\/10\/festsitzendespangen6.png\" class=\"attachment-large size-large wp-image-9998\" alt=\"\u2026und nach 18 Monaten Behandlung (in zwei Phasen mit l\u00e4ngerer Pause)\" \/>\t\t\t\t\t\t\t\t\t\t\t<figcaption class=\"widget-image-caption wp-caption-text\">\u2026 and after an 18 months treatment (in two phases with an extended break)<\/figcaption>\n\t\t\t\t\t\t\t\t\t\t<\/figure>\n\t\t\t\t\t\t\t\t\t<\/div>\n\t\t\t\t<\/div>\n\t\t\t\t\t<\/div>\n\t\t<\/div>\n\t\t\t\t\t<\/div>\n\t\t<\/section>\n\t\t\t\t<section class=\"elementor-section elementor-top-section elementor-element elementor-element-3e9b2d5f elementor-section-boxed elementor-section-height-default elementor-section-height-default\" data-id=\"3e9b2d5f\" data-element_type=\"section\" data-e-type=\"section\">\n\t\t\t\t\t\t<div class=\"elementor-container elementor-column-gap-default\">\n\t\t\t\t\t<div class=\"elementor-column elementor-col-100 elementor-top-column elementor-element elementor-element-77991e77\" data-id=\"77991e77\" data-element_type=\"column\" data-e-type=\"column\">\n\t\t\t<div class=\"elementor-widget-wrap elementor-element-populated\">\n\t\t\t\t\t\t<div class=\"elementor-element elementor-element-5da4e969 elementor-widget elementor-widget-text-editor\" data-id=\"5da4e969\" data-element_type=\"widget\" data-e-type=\"widget\" data-widget_type=\"text-editor.default\">\n\t\t\t\t<div class=\"elementor-widget-container\">\n\t\t\t\t\t\t\t\t\t<p>German orthodontists will continue treatment with <a title=\"Einsetzen einer herausnehmbaren Zahnspange\" href=\"https:\/\/www.madsen.de\/zahnspange\/einsetzen-herausnehmbare-zahnspange\/\">removable appliances<\/a> because of their poor education and strong business interests. Differences can only be accomplished by breaking through self\u2010conscience barrier from the patients and their parents. <\/p><p>You should know that in modern orthodontics, the regular treatment takes place only in the permanent dentition of 11 to 12 year old patients with a single fixed appliance. Only about 5% of young patients benefit from an earlier start of treatment, which is usually due to very pronounced malocclusion, which is also noticeable to laymen. Starting a treatment at primary school age should therefore be a justified exception that needs to be explained to the parents.<\/p><p>The parents are always encouraged to find an orthodontist with more modern treatment concepts, even if there is a longer route to take into consideration. In 2013, Dr. Madsen wrote a letter to the editor concerning an absurd publication about longstanding treatment with the removable <a title=\"Bionator \u2013 eine \u00fcbersch\u00e4tzte Zahnspange\" href=\"https:\/\/www.madsen.de\/lexikon\/bionator\/\">Bionator<\/a>, which was published in the &#8220;Fortschritte der Kieferorthop\u00e4die\/ Journal of Orofacial Orthopedics&#8221;. This can be downloaded here.<\/p><p><a href=\"http:\/\/madsen.de\/wp-content\/uploads\/2015\/10\/Madsen2013.21.pdf\" target=\"_blank\" rel=\"noopener noreferrer\">Download PDF (German language )<\/a><\/p>\t\t\t\t\t\t\t\t<\/div>\n\t\t\t\t<\/div>\n\t\t\t\t\t<\/div>\n\t\t<\/div>\n\t\t\t\t\t<\/div>\n\t\t<\/section>\n\t\t\t\t<\/div>\n\t\t","protected":false},"excerpt":{"rendered":"<p>Fixed Braces are Simply Better Fixed braces consist of brackets that are bonded to the teeth and wires that are connected to the brackets. Only rarely, the brackets are cemented to the teeth with metal rings called bands. The wires exert forces and torques through the brackets to selectively move the teeth. Orthodontic treatment with [&hellip;]<\/p>\n","protected":false},"author":1,"featured_media":9930,"parent":4380,"menu_order":0,"comment_status":"closed","ping_status":"closed","template":"","meta":{"_acf_changed":false,"footnotes":""},"class_list":["post-6304","page","type-page","status-publish","has-post-thumbnail","hentry"],"acf":[],"_links":{"self":[{"href":"https:\/\/www.madsen.de\/en\/wp-json\/wp\/v2\/pages\/6304","targetHints":{"allow":["GET"]}}],"collection":[{"href":"https:\/\/www.madsen.de\/en\/wp-json\/wp\/v2\/pages"}],"about":[{"href":"https:\/\/www.madsen.de\/en\/wp-json\/wp\/v2\/types\/page"}],"author":[{"embeddable":true,"href":"https:\/\/www.madsen.de\/en\/wp-json\/wp\/v2\/users\/1"}],"replies":[{"embeddable":true,"href":"https:\/\/www.madsen.de\/en\/wp-json\/wp\/v2\/comments?post=6304"}],"version-history":[{"count":84,"href":"https:\/\/www.madsen.de\/en\/wp-json\/wp\/v2\/pages\/6304\/revisions"}],"predecessor-version":[{"id":18124,"href":"https:\/\/www.madsen.de\/en\/wp-json\/wp\/v2\/pages\/6304\/revisions\/18124"}],"up":[{"embeddable":true,"href":"https:\/\/www.madsen.de\/en\/wp-json\/wp\/v2\/pages\/4380"}],"wp:featuredmedia":[{"embeddable":true,"href":"https:\/\/www.madsen.de\/en\/wp-json\/wp\/v2\/media\/9930"}],"wp:attachment":[{"href":"https:\/\/www.madsen.de\/en\/wp-json\/wp\/v2\/media?parent=6304"}],"curies":[{"name":"wp","href":"https:\/\/api.w.org\/{rel}","templated":true}]}}